{"id":26914,"date":"2021-05-28T19:30:12","date_gmt":"2021-05-28T19:30:12","guid":{"rendered":"http:\/\/casadastintasans.com.br\/?post_type=product&#038;p=26914"},"modified":"2021-05-29T12:37:16","modified_gmt":"2021-05-29T12:37:16","slug":"coral-rende-muito","status":"publish","type":"product","link":"https:\/\/casadastintasans.com.br\/index.php\/produto\/coral-rende-muito\/","title":{"rendered":"Coral Rende Muito 3,6L"},"content":{"rendered":"<p><img decoding=\"async\" class=\"alignnone wp-image-26868\" src=\"http:\/\/casadastintasans.com.br\/wp-content\/uploads\/2021\/05\/banner_home_leque-1-300x169.jpg\" alt=\"\" width=\"496\" height=\"279\" \/><\/p>\n<h4 class=\"ts2 tc-grey\">Escolha a cor da tinta<\/h4>\n<div class=\"title-h6\">Confira as op\u00e7\u00f5es dispon\u00edveis e escolha a cor certa para cada ambiente. As cores s\u00e3o apenas aproxima\u00e7\u00f5es e variam da cor original e de monitor para monitor.<\/div>\n","protected":false},"excerpt":{"rendered":"<p>Coral Rende Muito \u00e9 a tinta concentrada de alto rendimento que voc\u00ea j\u00e1 conhece e con\ufb01a. Sua exclusiva tecnologia Tixoplus proporciona alta dilui\u00e7\u00e3o de 50% at\u00e9 80% de \u00e1gua, para uma pintura com \u00f3tima cobertura e baixo odor. Rende at\u00e9 170 m\u00b2 acabados por embalagem de 18L.<\/p>\n","protected":false},"featured_media":26941,"template":"","meta":[],"product_brand":[],"product_cat":[155,162,179,180],"product_tag":[],"class_list":{"0":"post-26914","1":"product","2":"type-product","3":"status-publish","4":"has-post-thumbnail","6":"product_cat-coral","7":"product_cat-exterior","8":"product_cat-interior","9":"product_cat-tintas","11":"first","12":"instock","13":"shipping-taxable","14":"product-type-simple"},"aioseo_notices":[],"_links":{"self":[{"href":"https:\/\/casadastintasans.com.br\/index.php\/wp-json\/wp\/v2\/product\/26914","targetHints":{"allow":["GET"]}}],"collection":[{"href":"https:\/\/casadastintasans.com.br\/index.php\/wp-json\/wp\/v2\/product"}],"about":[{"href":"https:\/\/casadastintasans.com.br\/index.php\/wp-json\/wp\/v2\/types\/product"}],"wp:featuredmedia":[{"embeddable":true,"href":"https:\/\/casadastintasans.com.br\/index.php\/wp-json\/wp\/v2\/media\/26941"}],"wp:attachment":[{"href":"https:\/\/casadastintasans.com.br\/index.php\/wp-json\/wp\/v2\/media?parent=26914"}],"wp:term":[{"taxonomy":"product_brand","embeddable":true,"href":"https:\/\/casadastintasans.com.br\/index.php\/wp-json\/wp\/v2\/product_brand?post=26914"},{"taxonomy":"product_cat","embeddable":true,"href":"https:\/\/casadastintasans.com.br\/index.php\/wp-json\/wp\/v2\/product_cat?post=26914"},{"taxonomy":"product_tag","embeddable":true,"href":"https:\/\/casadastintasans.com.br\/index.php\/wp-json\/wp\/v2\/product_tag?post=26914"}],"curies":[{"name":"wp","href":"https:\/\/api.w.org\/{rel}","templated":true}]}}