{"id":26854,"date":"2021-05-27T19:18:21","date_gmt":"2021-05-27T19:18:21","guid":{"rendered":"http:\/\/casadastintasans.com.br\/?post_type=product&#038;p=26854"},"modified":"2021-05-29T12:52:24","modified_gmt":"2021-05-29T12:52:24","slug":"decora-diamante-36l","status":"publish","type":"product","link":"https:\/\/casadastintasans.com.br\/index.php\/produto\/decora-diamante-36l\/","title":{"rendered":"DECORA DIAMANTE            SEMI BRILHO 3,6L"},"content":{"rendered":"<p><img decoding=\"async\" class=\"alignnone wp-image-26868\" src=\"http:\/\/casadastintasans.com.br\/wp-content\/uploads\/2021\/05\/banner_home_leque-1-300x169.jpg\" alt=\"\" width=\"496\" height=\"279\" \/><\/p>\n<h4 class=\"ts2 tc-grey\">Escolha a cor da tinta<\/h4>\n<div class=\"title-h6\">Confira as op\u00e7\u00f5es dispon\u00edveis e escolha a cor certa para cada ambiente. As cores s\u00e3o apenas aproxima\u00e7\u00f5es e variam da cor original e de monitor para monitor.<\/div>\n","protected":false},"excerpt":{"rendered":"<p>Decora DIAMANTE \u00e9 um Acr\u00edlico Premium Semi brilho de alta resist\u00eancia e f\u00e1cil de limpar que conta com a exclusiva tecnologia Paredes HD oferecendo cores mais vivas e um acabamento com brilho. Sua cole\u00e7\u00e3o re\u00fane 2.079 cores no leque Coral. Conhe\u00e7a tamb\u00e9m a linha de Efeitos Especiais de Coral Decora: M\u00e1rmore, Cimento Queimado e Velvet e personalize suas paredes com texturas em alta defini\u00e7\u00e3o.<\/p>\n<p>&nbsp;<\/p>\n","protected":false},"featured_media":26947,"template":"","meta":[],"product_brand":[],"product_cat":[155,162,179,180],"product_tag":[],"class_list":{"0":"post-26854","1":"product","2":"type-product","3":"status-publish","4":"has-post-thumbnail","6":"product_cat-coral","7":"product_cat-exterior","8":"product_cat-interior","9":"product_cat-tintas","11":"first","12":"instock","13":"shipping-taxable","14":"product-type-simple"},"aioseo_notices":[],"_links":{"self":[{"href":"https:\/\/casadastintasans.com.br\/index.php\/wp-json\/wp\/v2\/product\/26854","targetHints":{"allow":["GET"]}}],"collection":[{"href":"https:\/\/casadastintasans.com.br\/index.php\/wp-json\/wp\/v2\/product"}],"about":[{"href":"https:\/\/casadastintasans.com.br\/index.php\/wp-json\/wp\/v2\/types\/product"}],"wp:featuredmedia":[{"embeddable":true,"href":"https:\/\/casadastintasans.com.br\/index.php\/wp-json\/wp\/v2\/media\/26947"}],"wp:attachment":[{"href":"https:\/\/casadastintasans.com.br\/index.php\/wp-json\/wp\/v2\/media?parent=26854"}],"wp:term":[{"taxonomy":"product_brand","embeddable":true,"href":"https:\/\/casadastintasans.com.br\/index.php\/wp-json\/wp\/v2\/product_brand?post=26854"},{"taxonomy":"product_cat","embeddable":true,"href":"https:\/\/casadastintasans.com.br\/index.php\/wp-json\/wp\/v2\/product_cat?post=26854"},{"taxonomy":"product_tag","embeddable":true,"href":"https:\/\/casadastintasans.com.br\/index.php\/wp-json\/wp\/v2\/product_tag?post=26854"}],"curies":[{"name":"wp","href":"https:\/\/api.w.org\/{rel}","templated":true}]}}