{"id":309,"date":"2019-01-14T13:36:16","date_gmt":"2019-01-14T13:36:16","guid":{"rendered":"http:\/\/democontent.codex-themes.com\/sites\/shop-fashion\/?page_id=309"},"modified":"2023-12-18T09:45:56","modified_gmt":"2023-12-18T12:45:56","slug":"nossas-unidades","status":"publish","type":"page","link":"https:\/\/casadastintasans.com.br\/index.php\/nossas-unidades\/","title":{"rendered":"Nossas Unidades"},"content":{"rendered":"<section class=\"wpb-content-wrapper\"><p>[vc_row css=&#8221;.vc_custom_1547473050373{margin-bottom: 0px !important;}&#8221;][vc_column width=&#8221;1\/2&#8243;][vc_column_text]A <strong>Casa das Tintas<\/strong> a mais de 30 anos no mercado se dedica ao conceito de tintas e complementos para pintura.<\/p>\n<p>Para isso trabalhamos com as melhores marcas e produtos. Contamos tamb\u00e9m com uma equipe preparada para oferecer aos nossos clientes o melhor atendimento e agilidade nos servi\u00e7os prestados.<\/p>\n<p>Atualmente contamos com 6 unidades em An\u00e1polis e Goi\u00e2nia:[\/vc_column_text]<div class=\"clearboth\"><\/div><style>#thegem-divider-69d5efdb23e7a {margin-top: 35px !important;}<\/style><div id=\"thegem-divider-69d5efdb23e7a\" class=\"gem-divider  \" style=\"\" ><\/div><div class=\"gem-list gem-list-type-square gem-list-color-3\" ><ul>\n<li>Loja 1:\u00a0 An\u00e1polis &#8211; Jardim Alvorada<\/li>\n<li>Loja 2:\u00a0 An\u00e1polis \u2013 Jundia\u00ed<\/li>\n<li>Loja 3:\u00a0 An\u00e1polis \u2013 centro<\/li>\n<li>Loja 4:\u00a0 Goi\u00e2nia \u2013 Vila Aurora Oeste<\/li>\n<li>Loja 5:\u00a0 An\u00e1polis \u2013 Jardim Alexandrina<\/li>\n<li>Loja 6:\u00a0 An\u00e1polis \u2013 Boa Vista<\/li>\n<\/ul>\n<\/div>[vc_column_text]Confira abaixo mais informa\u00e7\u00f5es de contato, endere\u00e7o e localiza\u00e7\u00e3o:[\/vc_column_text][\/vc_column][\/vc_row][vc_row css=&#8221;.vc_custom_1547473050373{margin-bottom: 0px !important;}&#8221;][vc_column]<div class=\"clearboth\"><\/div><style>#thegem-divider-69d5efdb23f30 {margin-top: 50px !important;}<\/style><div id=\"thegem-divider-69d5efdb23f30\" class=\"gem-divider  \" style=\"\" ><\/div>[vc_row_inner css=&#8221;.vc_custom_1552648718353{margin-bottom: 50px !important;}&#8221;][vc_column_inner]<div class=\"gem-icon-with-text gem-icon-with-text-icon-size-small\" ><div style=\"margin-bottom:0px;padding-top: 5px;margin-top:0px; \" class=\"gem-icon-with-text-icon\"><div class=\"gem-icon gem-icon-pack-material gem-icon-size-small  gem-icon-shape-square gem-simple-icon\"  style=\"opacity: 1;\"><div class=\"gem-icon-inner\" style=\"\"><span class=\"gem-icon-half-1\" style=\"color: #00bcd4;\"><span class=\"back-angle\">&#xf3e3;<\/span><\/span><span class=\"gem-icon-half-2\" style=\"color: #00bcd4;\"><span class=\"back-angle\">&#xf3e3;<\/span><\/span><\/div><\/div><\/div><div class=\"gem-icon-with-text-content\" ><div class=\"gem-icon-with-text-text\">[vc_column_text]<\/p>\n<div class=\"title-h4\"><span style=\"color: #00bcd4;\">loja 1<\/span><\/div>\n<p>[\/vc_column_text]<\/div><\/div><div class=\"clearboth\"><\/div><\/div>[\/vc_column_inner][vc_column_inner css=&#8221;.vc_custom_1547474679271{padding-left: 60px !important;}&#8221;][vc_column_text css=&#8221;.vc_custom_1691243037386{margin-bottom: -10px !important;}&#8221;]<\/p>\n<div class=\"title-h6\"><span class=\"light\"><span style=\"color: #008000;\"><strong>An\u00e1polis &#8211; Jardim Alvorada<\/strong><\/span><br \/>\n<\/span><\/div>\n<ul>\n<li>Telefone: <strong>62 3943 1300<\/strong><\/li>\n<li>WhatsApp:\u00a0 <strong>62 9859 4636<\/strong><\/li>\n<li>Email: <strong>casadastintasuni@<wbr \/>casadastintasans.com.br<\/strong><\/li>\n<li>Hor\u00e1rio de atendimento:\n<ul>\n<li><strong>Segunda a Sexta 7:00 as 18:00<\/strong><\/li>\n<li><strong>S\u00e1bado 7:00 as 13:00<\/strong><\/li>\n<\/ul>\n<\/li>\n<li>Endere\u00e7o: <strong>Av. Juscelino Kubitscheck &#8211; Jardim Alvorada, An\u00e1polis &#8211; GO<\/strong><\/li>\n<\/ul>\n<div class=\"styled-subtitle\"><\/div>\n<p>[\/vc_column_text][vc_gmaps link=&#8221;#E-8_JTNDaWZyYW1lJTIwc3JjJTNEJTIyaHR0cHMlM0ElMkYlMkZ3d3cuZ29vZ2xlLmNvbSUyRm1hcHMlMkZlbWJlZCUzRnBiJTNEJTIxMW0xOCUyMTFtMTIlMjExbTMlMjExZDM4MjguNDE4MTE2OTI0NDAxNiUyMTJkLTQ4LjkzMzY4NDM4NTEzNzgzJTIxM2QtMTYuMzUyNjQ5Njg4NzA2MzglMjEybTMlMjExZjAlMjEyZjAlMjEzZjAlMjEzbTIlMjExaTEwMjQlMjEyaTc2OCUyMTRmMTMuMSUyMTNtMyUyMTFtMiUyMTFzMHgwJTI1M0EweDAlMjEyek1UYkNzREl4SnpBNUxqVWlVeUEwT01Ld05UVW5OVE11TkNKWCUyMTVlMCUyMTNtMiUyMTFzcHQtQlIlMjEyc2JyJTIxNHYxNjEyNDYxODE0NTU2JTIxNW0yJTIxMXNwdC1CUiUyMTJzYnIlMjIlMjB3aWR0aCUzRCUyMjYwMCUyMiUyMGhlaWdodCUzRCUyMjQ1MCUyMiUyMGZyYW1lYm9yZGVyJTNEJTIyMCUyMiUyMHN0eWxlJTNEJTIyYm9yZGVyJTNBMCUzQiUyMiUyMGFsbG93ZnVsbHNjcmVlbiUzRCUyMiUyMiUyMGFyaWEtaGlkZGVuJTNEJTIyZmFsc2UlMjIlMjB0YWJpbmRleCUzRCUyMjAlMjIlM0UlM0MlMkZpZnJhbWUlM0U=&#8221;][vc_separator][\/vc_column_inner][\/vc_row_inner][vc_row_inner css=&#8221;.vc_custom_1552648725872{margin-bottom: 50px !important;}&#8221;][vc_column_inner]<div class=\"gem-icon-with-text gem-icon-with-text-icon-size-small\" ><div style=\"margin-bottom:0px;padding-top: 5px;margin-top:0px; \" class=\"gem-icon-with-text-icon\"><div class=\"gem-icon gem-icon-pack-material gem-icon-size-small  gem-icon-shape-square gem-simple-icon\"  style=\"opacity: 1;\"><div class=\"gem-icon-inner\" style=\"\"><span class=\"gem-icon-half-1\" style=\"color: #00bcd4;\"><span class=\"back-angle\">&#xf3e3;<\/span><\/span><span class=\"gem-icon-half-2\" style=\"color: #00bcd4;\"><span class=\"back-angle\">&#xf3e3;<\/span><\/span><\/div><\/div><\/div><div class=\"gem-icon-with-text-content\" ><div class=\"gem-icon-with-text-text\">[vc_column_text]<\/p>\n<div class=\"title-h4\"><span style=\"color: #00ccff;\">loja 2<\/span><\/div>\n<p>[\/vc_column_text]<\/div><\/div><div class=\"clearboth\"><\/div><\/div>[\/vc_column_inner][vc_column_inner css=&#8221;.vc_custom_1547474679271{padding-left: 60px !important;}&#8221;][vc_column_text css=&#8221;.vc_custom_1686838215392{margin-bottom: -10px !important;}&#8221;]<\/p>\n<div class=\"title-h6\"><span class=\"light\"><span style=\"color: #008000;\"><strong>An\u00e1polis &#8211; Jundia\u00ed<\/strong><\/span><br \/>\n<\/span><\/div>\n<ul>\n<li>Telefone: <strong>62 3311 1330, 62 3099 1330<\/strong><\/li>\n<li>WhatsApp:\u00a0\u00a0<strong>62 98599 4643 <\/strong><\/li>\n<li>Email: <strong>casadastintas@<wbr \/>casadastintasans.com.br<\/strong><\/li>\n<li>Hor\u00e1rio de atendimento:\n<ul>\n<li><strong>Segunda a Sexta 7:00 as 18:00<\/strong><\/li>\n<li><strong>S\u00e1bado 7:00 as 13:00<\/strong><\/li>\n<\/ul>\n<\/li>\n<li>Endere\u00e7o: <strong>Av. Brasil Sul, 175 &#8211; Jundia\u00ed, An\u00e1polis &#8211; GO, 75080-240<\/strong><\/li>\n<\/ul>\n<div class=\"styled-subtitle\"><\/div>\n<p>[\/vc_column_text][vc_gmaps link=&#8221;#E-8_JTNDaWZyYW1lJTIwc3JjJTNEJTIyaHR0cHMlM0ElMkYlMkZ3d3cuZ29vZ2xlLmNvbSUyRm1hcHMlMkZlbWJlZCUzRnBiJTNEJTIxMW0xOCUyMTFtMTIlMjExbTMlMjExZDM4MjguODI3MTE3NTExNzUyNSUyMTJkLTQ4Ljk1MzA5MTQ4NTEzOCUyMTNkLTE2LjMzMTc3NTQ4ODcxOTE1MyUyMTJtMyUyMTFmMCUyMTJmMCUyMTNmMCUyMTNtMiUyMTFpMTAyNCUyMTJpNzY4JTIxNGYxMy4xJTIxM20zJTIxMW0yJTIxMXMweDAlMjUzQTB4MCUyMTJ6TVRiQ3NERTVKelUwTGpRaVV5QTBPTUt3TlRjbk1ETXVNeUpYJTIxNWUwJTIxM20yJTIxMXNwdC1CUiUyMTJzYnIlMjE0djE2MTI0NjIxNzUzNTMlMjE1bTIlMjExc3B0LUJSJTIxMnNiciUyMiUyMHdpZHRoJTNEJTIyNjAwJTIyJTIwaGVpZ2h0JTNEJTIyNDUwJTIyJTIwZnJhbWVib3JkZXIlM0QlMjIwJTIyJTIwc3R5bGUlM0QlMjJib3JkZXIlM0EwJTNCJTIyJTIwYWxsb3dmdWxsc2NyZWVuJTNEJTIyJTIyJTIwYXJpYS1oaWRkZW4lM0QlMjJmYWxzZSUyMiUyMHRhYmluZGV4JTNEJTIyMCUyMiUzRSUzQyUyRmlmcmFtZSUzRQ==&#8221;][vc_separator][\/vc_column_inner][\/vc_row_inner][vc_row_inner css=&#8221;.vc_custom_1552648735690{margin-bottom: 50px !important;}&#8221;][vc_column_inner]<div class=\"gem-icon-with-text gem-icon-with-text-icon-size-small\" ><div style=\"margin-bottom:0px;padding-top: 5px;margin-top:0px; \" class=\"gem-icon-with-text-icon\"><div class=\"gem-icon gem-icon-pack-material gem-icon-size-small  gem-icon-shape-square gem-simple-icon\"  style=\"opacity: 1;\"><div class=\"gem-icon-inner\" style=\"\"><span class=\"gem-icon-half-1\" style=\"color: #00bcd4;\"><span class=\"back-angle\">&#xf3e3;<\/span><\/span><span class=\"gem-icon-half-2\" style=\"color: #00bcd4;\"><span class=\"back-angle\">&#xf3e3;<\/span><\/span><\/div><\/div><\/div><div class=\"gem-icon-with-text-content\" ><div class=\"gem-icon-with-text-text\">[vc_column_text]<\/p>\n<div class=\"title-h4\"><span style=\"color: #33cccc;\">loja 3<\/span><\/div>\n<p>[\/vc_column_text]<\/div><\/div><div class=\"clearboth\"><\/div><\/div>[\/vc_column_inner][vc_column_inner css=&#8221;.vc_custom_1547474679271{padding-left: 60px !important;}&#8221;][vc_column_text css=&#8221;.vc_custom_1702903422732{margin-bottom: -10px !important;}&#8221;]<\/p>\n<div class=\"title-h6\"><span class=\"light\"><span style=\"color: #008000;\"><strong>An\u00e1polis &#8211; centro<\/strong><\/span><br \/>\n<\/span><\/div>\n<ul>\n<li>Telefone: <strong>62 3321 1500, 62 3099 1501<\/strong><\/li>\n<li>WhatsApp:\u00a0 <strong>62 98599 4640<\/strong><\/li>\n<li>Email: <strong>casadastintascac@<wbr \/>casadastintasans.com.br<\/strong><\/li>\n<li>Hor\u00e1rio de atendimento:\n<ul>\n<li><strong>Segunda a Sexta 7:00 as 18:00<\/strong><\/li>\n<li><strong>S\u00e1bado 7:00 as 13:00<\/strong><\/li>\n<\/ul>\n<\/li>\n<li>Endere\u00e7o: <strong>R. Conde Afonso Celso, 272-366 &#8211; St. Central, An\u00e1polis &#8211; GO, 75025-030<\/strong><\/li>\n<\/ul>\n<div class=\"styled-subtitle\"><\/div>\n<p>[\/vc_column_text]<div class=\"clearboth\"><\/div><style>#thegem-divider-69d5efdb24145 {margin-top: 20px !important;}<\/style><div id=\"thegem-divider-69d5efdb24145\" class=\"gem-divider  \" style=\"\" ><\/div>[vc_gmaps link=&#8221;#E-8_JTNDaWZyYW1lJTIwc3JjJTNEJTIyaHR0cHMlM0ElMkYlMkZ3d3cuZ29vZ2xlLmNvbSUyRm1hcHMlMkZlbWJlZCUzRnBiJTNEJTIxMW0xOCUyMTFtMTIlMjExbTMlMjExZDM4MjguODM2MDgxNzYzOTU0JTIxMmQtNDguOTYwNDU1ODg1MTM4MDYlMjEzZC0xNi4zMzEzMTc2ODg3MTk0OTglMjEybTMlMjExZjAlMjEyZjAlMjEzZjAlMjEzbTIlMjExaTEwMjQlMjEyaTc2OCUyMTRmMTMuMSUyMTNtMyUyMTFtMiUyMTFzMHgwJTI1M0EweDAlMjEyek1UYkNzREU1SnpVeUxqY2lVeUEwT01Ld05UY25Namt1T0NKWCUyMTVlMCUyMTNtMiUyMTFzcHQtQlIlMjEyc2JyJTIxNHYxNjEyMzEzNTUwODk2JTIxNW0yJTIxMXNwdC1CUiUyMTJzYnIlMjIlMjB3aWR0aCUzRCUyMjYwMCUyMiUyMGhlaWdodCUzRCUyMjQ1MCUyMiUyMGZyYW1lYm9yZGVyJTNEJTIyMCUyMiUyMHN0eWxlJTNEJTIyYm9yZGVyJTNBMCUzQiUyMiUyMGFsbG93ZnVsbHNjcmVlbiUzRCUyMiUyMiUyMGFyaWEtaGlkZGVuJTNEJTIyZmFsc2UlMjIlMjB0YWJpbmRleCUzRCUyMjAlMjIlM0UlM0MlMkZpZnJhbWUlM0U=&#8221;][vc_separator][\/vc_column_inner][\/vc_row_inner][vc_row_inner css=&#8221;.vc_custom_1552648750136{margin-bottom: 50px !important;}&#8221;][vc_column_inner]<div class=\"gem-icon-with-text gem-icon-with-text-icon-size-small\" ><div style=\"margin-bottom:0px;padding-top: 5px;margin-top:0px; \" class=\"gem-icon-with-text-icon\"><div class=\"gem-icon gem-icon-pack-material gem-icon-size-small  gem-icon-shape-square gem-simple-icon\"  style=\"opacity: 1;\"><div class=\"gem-icon-inner\" style=\"\"><span class=\"gem-icon-half-1\" style=\"color: #00bcd4;\"><span class=\"back-angle\">&#xf3e3;<\/span><\/span><span class=\"gem-icon-half-2\" style=\"color: #00bcd4;\"><span class=\"back-angle\">&#xf3e3;<\/span><\/span><\/div><\/div><\/div><div class=\"gem-icon-with-text-content\" ><div class=\"gem-icon-with-text-text\">[vc_column_text]<\/p>\n<div class=\"title-h4\"><span style=\"color: #33cccc;\">Loja 4<\/span><\/div>\n<p>[\/vc_column_text]<\/div><\/div><div class=\"clearboth\"><\/div><\/div>[\/vc_column_inner][vc_column_inner css=&#8221;.vc_custom_1547474679271{padding-left: 60px !important;}&#8221;][vc_column_text css=&#8221;.vc_custom_1702903555775{margin-bottom: -10px !important;}&#8221;]<\/p>\n<div class=\"title-h6\"><span class=\"light\"><span style=\"color: #008000;\"><strong>Goi\u00e2nia &#8211; Vila Aurora Oeste<\/strong><\/span><br \/>\n<\/span><\/div>\n<ul>\n<li>Telefone: <strong>62 3576-2771, <\/strong><strong>62 3095 2771<\/strong><\/li>\n<li>WhatsApp: <strong>62 98599 4644<\/strong><\/li>\n<li>Email : <strong>casadastintasgyn@<wbr \/>casadastintasans.com.br<\/strong><\/li>\n<li>Hor\u00e1rio de atendimento:\n<ul>\n<li><strong>Segunda a Sexta 7:00 as 18:00<\/strong><\/li>\n<li><strong>S\u00e1bado 7:00 as 13:00<\/strong><\/li>\n<\/ul>\n<\/li>\n<li>Endere\u00e7o: <strong>Av. Pio XII, 419 &#8211; Vila Aurora Oeste, Goi\u00e2nia &#8211; GO, 74425-010<\/strong><\/li>\n<\/ul>\n<div class=\"styled-subtitle\"><\/div>\n<p>[\/vc_column_text][vc_gmaps link=&#8221;#E-8_JTNDaWZyYW1lJTIwc3JjJTNEJTIyaHR0cHMlM0ElMkYlMkZ3d3cuZ29vZ2xlLmNvbSUyRm1hcHMlMkZlbWJlZCUzRnBiJTNEJTIxMW0xOCUyMTFtMTIlMjExbTMlMjExZDM4MjIuMDE0OTcwNDY4MDUyJTIxMmQtNDkuMzA4NjAzNzg1MTMzNDY0JTIxM2QtMTYuNjc2MTM0Mjg4NTA4NDY4JTIxMm0zJTIxMWYwJTIxMmYwJTIxM2YwJTIxM20yJTIxMWkxMDI0JTIxMmk3NjglMjE0ZjEzLjElMjEzbTMlMjExbTIlMjExczB4MCUyNTNBMHgwJTIxMnpNVGJDc0RRd0p6TTBMakVpVXlBME9jS3dNVGduTWpNdU1TSlglMjE1ZTAlMjEzbTIlMjExc3B0LUJSJTIxMnNiciUyMTR2MTYxMjQ2MTMzODQ5NiUyMTVtMiUyMTFzcHQtQlIlMjEyc2JyJTIyJTIwd2lkdGglM0QlMjI2MDAlMjIlMjBoZWlnaHQlM0QlMjI0NTAlMjIlMjBmcmFtZWJvcmRlciUzRCUyMjAlMjIlMjBzdHlsZSUzRCUyMmJvcmRlciUzQTAlM0IlMjIlMjBhbGxvd2Z1bGxzY3JlZW4lM0QlMjIlMjIlMjBhcmlhLWhpZGRlbiUzRCUyMmZhbHNlJTIyJTIwdGFiaW5kZXglM0QlMjIwJTIyJTNFJTNDJTJGaWZyYW1lJTNF&#8221;][vc_separator][\/vc_column_inner][\/vc_row_inner][vc_row_inner][vc_column_inner]<div class=\"gem-icon-with-text gem-icon-with-text-icon-size-small\" ><div style=\"margin-bottom:0px;padding-top: 5px;margin-top:0px; \" class=\"gem-icon-with-text-icon\"><div class=\"gem-icon gem-icon-pack-material gem-icon-size-small  gem-icon-shape-square gem-simple-icon\"  style=\"opacity: 1;\"><div class=\"gem-icon-inner\" style=\"\"><span class=\"gem-icon-half-1\" style=\"color: #00bcd4;\"><span class=\"back-angle\">&#xf3e3;<\/span><\/span><span class=\"gem-icon-half-2\" style=\"color: #00bcd4;\"><span class=\"back-angle\">&#xf3e3;<\/span><\/span><\/div><\/div><\/div><div class=\"gem-icon-with-text-content\" ><div class=\"gem-icon-with-text-text\">[vc_column_text]<\/p>\n<div class=\"title-h4\"><span style=\"color: #33cccc;\">Loja 5<\/span><\/div>\n<p>[\/vc_column_text]<\/div><\/div><div class=\"clearboth\"><\/div><\/div>[\/vc_column_inner][vc_column_inner css=&#8221;.vc_custom_1547474679271{padding-left: 60px !important;}&#8221;][vc_column_text css=&#8221;.vc_custom_1702903513195{margin-bottom: -10px !important;}&#8221;]<\/p>\n<div class=\"title-h6\"><span class=\"light\"><span style=\"color: #008000;\"><strong>An\u00e1polis &#8211; Jardim Alexandrina<\/strong><\/span><br \/>\n<\/span><\/div>\n<ul>\n<li>Telefone: <strong>62 3321 0910, 62 3771 7169<\/strong><\/li>\n<li>WhatsApp:\u00a0\u00a0<strong>62 98599 4642 <\/strong><\/li>\n<li>Email: <strong>casadastintasbrn@<wbr \/>casadastintasans.com.br<\/strong><\/li>\n<li>Hor\u00e1rio de atendimento:\n<ul>\n<li><strong>Segunda a Sexta 7:00 as 18:00<\/strong><\/li>\n<li><strong>S\u00e1bado 7:00 as 13:00<\/strong><\/li>\n<\/ul>\n<\/li>\n<li>Endere\u00e7o:\u00a0<strong>Av. Pres. Kennedy &#8211; Jardim Alexandrina, An\u00e1polis &#8211; GO, 75060-103<\/strong><\/li>\n<\/ul>\n<div class=\"styled-subtitle\"><\/div>\n<p>[\/vc_column_text][vc_gmaps link=&#8221;#E-8_JTNDaWZyYW1lJTIwc3JjJTNEJTIyaHR0cHMlM0ElMkYlMkZ3d3cuZ29vZ2xlLmNvbSUyRm1hcHMlMkZlbWJlZCUzRnBiJTNEJTIxMW0xOCUyMTFtMTIlMjExbTMlMjExZDM4MjkuNDE1MTM1NzIyMzU2NCUyMTJkLTQ4Ljk2NTkxMjM4NTEzODMlMjEzZC0xNi4zMDE3MTkxODg3Mzc1NjUlMjEybTMlMjExZjAlMjEyZjAlMjEzZjAlMjEzbTIlMjExaTEwMjQlMjEyaTc2OCUyMTRmMTMuMSUyMTNtMyUyMTFtMiUyMTFzMHgwJTI1M0EweDAlMjEyek1UYkNzREU0SnpBMkxqSWlVeUEwT01Ld05UY25ORGt1TkNKWCUyMTVlMCUyMTNtMiUyMTFzcHQtQlIlMjEyc2JyJTIxNHYxNjEyNDYyNTc4NTk2JTIxNW0yJTIxMXNwdC1CUiUyMTJzYnIlMjIlMjB3aWR0aCUzRCUyMjYwMCUyMiUyMGhlaWdodCUzRCUyMjQ1MCUyMiUyMGZyYW1lYm9yZGVyJTNEJTIyMCUyMiUyMHN0eWxlJTNEJTIyYm9yZGVyJTNBMCUzQiUyMiUyMGFsbG93ZnVsbHNjcmVlbiUzRCUyMiUyMiUyMGFyaWEtaGlkZGVuJTNEJTIyZmFsc2UlMjIlMjB0YWJpbmRleCUzRCUyMjAlMjIlM0UlM0MlMkZpZnJhbWUlM0U=&#8221;][\/vc_column_inner][\/vc_row_inner][vc_row_inner][vc_column_inner]<div class=\"gem-icon-with-text gem-icon-with-text-icon-size-small\" ><div style=\"margin-bottom:0px;padding-top: 5px;margin-top:0px; \" class=\"gem-icon-with-text-icon\"><div class=\"gem-icon gem-icon-pack-material gem-icon-size-small  gem-icon-shape-square gem-simple-icon\"  style=\"opacity: 1;\"><div class=\"gem-icon-inner\" style=\"\"><span class=\"gem-icon-half-1\" style=\"color: #00bcd4;\"><span class=\"back-angle\">&#xf3e3;<\/span><\/span><span class=\"gem-icon-half-2\" style=\"color: #00bcd4;\"><span class=\"back-angle\">&#xf3e3;<\/span><\/span><\/div><\/div><\/div><div class=\"gem-icon-with-text-content\" ><div class=\"gem-icon-with-text-text\">[vc_column_text]<\/p>\n<div class=\"title-h4\"><span style=\"color: #33cccc;\">Loja 6<\/span><\/div>\n<p>[\/vc_column_text]<\/div><\/div><div class=\"clearboth\"><\/div><\/div>[\/vc_column_inner][vc_column_inner css=&#8221;.vc_custom_1547474679271{padding-left: 60px !important;}&#8221;][vc_column_text css=&#8221;.vc_custom_1612462778316{margin-bottom: -10px !important;}&#8221;]<\/p>\n<div class=\"title-h6\"><span class=\"light\"><span style=\"color: #008000;\"><strong>An\u00e1polis &#8211; Boa Vista<\/strong><\/span><br \/>\n<\/span><\/div>\n<ul>\n<li>Telefone: <strong>62 3099 1808 <\/strong><\/li>\n<li>WhatsApp:\u00a0\u00a0<strong>62 98599 4639 <\/strong><\/li>\n<li>Email: <strong>casadastintasbrn2@<wbr \/>casadastintasans.com.br<\/strong><\/li>\n<li>Hor\u00e1rio de atendimento:\n<ul>\n<li><strong>Segunda a Sexta 7:00 as 18:00<\/strong><\/li>\n<li><strong>S\u00e1bado 7:00 as 13:00<\/strong><\/li>\n<\/ul>\n<\/li>\n<li>Endere\u00e7o:\u00a0<strong>Av. Brasil Norte, 3322 &#8211; Boa Vista, An\u00e1polis &#8211; GO, 75075-015<\/strong><\/li>\n<\/ul>\n<div class=\"styled-subtitle\"><\/div>\n<p>[\/vc_column_text][vc_gmaps link=&#8221;#E-8_JTNDaWZyYW1lJTIwc3JjJTNEJTIyaHR0cHMlM0ElMkYlMkZ3d3cuZ29vZ2xlLmNvbSUyRm1hcHMlMkZlbWJlZCUzRnBiJTNEJTIxMW0xOCUyMTFtMTIlMjExbTMlMjExZDM4MjkuNDMwNTQ1NzEyMDc1JTIxMmQtNDguOTQzNDk3Nzg1MTM4NDIlMjEzZC0xNi4zMDA5MzA3ODg3MzgxMyUyMTJtMyUyMTFmMCUyMTJmMCUyMTNmMCUyMTNtMiUyMTFpMTAyNCUyMTJpNzY4JTIxNGYxMy4xJTIxM20zJTIxMW0yJTIxMXMweDAlMjUzQTB4MCUyMTJ6TVRiQ3NERTRKekF6TGpRaVV5QTBPTUt3TlRZbk1qZ3VOeUpYJTIxNWUwJTIxM20yJTIxMXNwdC1CUiUyMTJzYnIlMjE0djE2MTI0NjI3MDA5NjYlMjE1bTIlMjExc3B0LUJSJTIxMnNiciUyMiUyMHdpZHRoJTNEJTIyNjAwJTIyJTIwaGVpZ2h0JTNEJTIyNDUwJTIyJTIwZnJhbWVib3JkZXIlM0QlMjIwJTIyJTIwc3R5bGUlM0QlMjJib3JkZXIlM0EwJTNCJTIyJTIwYWxsb3dmdWxsc2NyZWVuJTNEJTIyJTIyJTIwYXJpYS1oaWRkZW4lM0QlMjJmYWxzZSUyMiUyMHRhYmluZGV4JTNEJTIyMCUyMiUzRSUzQyUyRmlmcmFtZSUzRQ==&#8221;][\/vc_column_inner][\/vc_row_inner]<div class=\"clearboth\"><\/div><style>#thegem-divider-69d5efdb242bb {margin-top: 10px !important;}<\/style><div id=\"thegem-divider-69d5efdb242bb\" class=\"gem-divider  \" style=\"\" ><\/div>[\/vc_column][\/vc_row][vc_row full_width=&#8221;stretch_row&#8221; css=&#8221;.vc_custom_1547473016623{margin-bottom: 0px !important;background-color: #f4f4f4 !important;}&#8221;][vc_column]<div class=\"clearboth\"><\/div><style>#thegem-divider-69d5efdb242d1 {margin-top: 120px !important;}<\/style><div id=\"thegem-divider-69d5efdb242d1\" class=\"gem-divider  \" style=\"\" ><\/div>[vc_column_text css=&#8221;.vc_custom_1612461598138{margin-bottom: 5px !important;}&#8221;]<\/p>\n<div class=\"title-h2\" style=\"text-align: center;\">siga e compartilhe<\/div>\n<p>[\/vc_column_text][vc_column_text]<\/p>\n<div class=\"styled-subtitle\" style=\"text-align: center;\">Acompanhe as novidades da casa das tintas em nossas redes sociais:<\/div>\n<p>[\/vc_column_text]<div class=\"socials socials-list socials-colored socials-default socials-alignment-center\"><a class=\"socials-item\" target=\"_blank\" href=\"https:\/\/www.facebook.com\/cdastintas.ti\"><i class=\"socials-item-icon facebook\" style=\"font-size: 50px\"><\/i><\/a><a class=\"socials-item\" target=\"_blank\" href=\"https:\/\/www.instagram.com\/casadastintasdeanapolis\/\"><i class=\"socials-item-icon instagram\" style=\"font-size: 50px\"><\/i><\/a><\/div>[\/vc_column][\/vc_row]<\/p>\n<\/section>","protected":false},"excerpt":{"rendered":"<p>[vc_row css=&#8221;.vc_custom_1547473050373{margin-bottom: 0px !important;}&#8221;][vc_column width=&#8221;1\/2&#8243;][vc_column_text]A Casa das Tintas a mais de 30 anos no mercado se dedica ao conceito de&#8230;<\/p>\n","protected":false},"author":1,"featured_media":0,"parent":0,"menu_order":0,"comment_status":"closed","ping_status":"closed","template":"","meta":{"footnotes":""},"class_list":["post-309","page","type-page","status-publish"],"aioseo_notices":[],"_links":{"self":[{"href":"https:\/\/casadastintasans.com.br\/index.php\/wp-json\/wp\/v2\/pages\/309","targetHints":{"allow":["GET"]}}],"collection":[{"href":"https:\/\/casadastintasans.com.br\/index.php\/wp-json\/wp\/v2\/pages"}],"about":[{"href":"https:\/\/casadastintasans.com.br\/index.php\/wp-json\/wp\/v2\/types\/page"}],"author":[{"embeddable":true,"href":"https:\/\/casadastintasans.com.br\/index.php\/wp-json\/wp\/v2\/users\/1"}],"replies":[{"embeddable":true,"href":"https:\/\/casadastintasans.com.br\/index.php\/wp-json\/wp\/v2\/comments?post=309"}],"version-history":[{"count":23,"href":"https:\/\/casadastintasans.com.br\/index.php\/wp-json\/wp\/v2\/pages\/309\/revisions"}],"predecessor-version":[{"id":28678,"href":"https:\/\/casadastintasans.com.br\/index.php\/wp-json\/wp\/v2\/pages\/309\/revisions\/28678"}],"wp:attachment":[{"href":"https:\/\/casadastintasans.com.br\/index.php\/wp-json\/wp\/v2\/media?parent=309"}],"curies":[{"name":"wp","href":"https:\/\/api.w.org\/{rel}","templated":true}]}}