{"id":26453,"date":"2019-01-11T08:30:21","date_gmt":"2019-01-11T08:30:21","guid":{"rendered":"http:\/\/democontent.codex-themes.com\/sites\/shop-fashion\/?page_id=47"},"modified":"2021-02-05T22:43:26","modified_gmt":"2021-02-05T22:43:26","slug":"contato","status":"publish","type":"page","link":"https:\/\/casadastintasans.com.br\/index.php\/contato\/","title":{"rendered":"Contato"},"content":{"rendered":"<section class=\"wpb-content-wrapper\"><p>[vc_row css=&#8221;.vc_custom_1547203421643{margin-bottom: 0px !important;}&#8221;][vc_column offset=&#8221;vc_hidden-sm vc_hidden-xs&#8221;][vc_column_text]<\/p>\n<h1>Contato<\/h1>\n<p>[\/vc_column_text]<div class=\"clearboth\"><\/div><style>#thegem-divider-6a03da0ac85cf {margin-top: 100px !important;}<\/style><div id=\"thegem-divider-6a03da0ac85cf\" class=\"gem-divider  \" style=\"\" ><\/div>[\/vc_column][vc_column width=&#8221;1\/2&#8243; offset=&#8221;vc_col-lg-3 vc_col-md-6&#8243;]<div class=\"clearboth\"><\/div><style>#thegem-divider-6a03da0ac8613 {margin-top: 50px !important;}<\/style><div id=\"thegem-divider-6a03da0ac8613\" class=\"gem-divider  \" style=\"\" ><\/div><div class=\"centered-box\"><div class=\"gem-icon gem-icon-pack-elegant gem-icon-size-small  gem-icon-shape-square gem-simple-icon\"  style=\"opacity: 1;\"><div class=\"gem-icon-inner\" style=\"\"><span class=\"gem-icon-half-1\" style=\"color: #4ed3b9;\"><span class=\"back-angle\">&#xe01d;<\/span><\/span><span class=\"gem-icon-half-2\" style=\"color: #4ed3b9;\"><span class=\"back-angle\">&#xe01d;<\/span><\/span><\/div><\/div><\/div><div class=\"clearboth\"><\/div><style>#thegem-divider-6a03da0ac8670 {margin-top: 55px !important;}<\/style><div id=\"thegem-divider-6a03da0ac8670\" class=\"gem-divider  \" style=\"\" ><\/div>[vc_column_text]<\/p>\n<div class=\"title-h4\" style=\"text-align: center;\"><span class=\"light\">nossas lojas<br \/>\n<\/span><\/div>\n<p>[\/vc_column_text]<div class=\"clearboth\"><\/div><style>#thegem-divider-6a03da0ac8686 {margin-top: 20px !important;}<\/style><div id=\"thegem-divider-6a03da0ac8686\" class=\"gem-divider  \" style=\"\" ><\/div>[vc_column_text]<\/p>\n<div style=\"text-align: center;\">Temos 6 Unidades para melhor servir!<br \/>\nClique no link abaixo para ver uma mais pr\u00f3xima de voc\u00ea!<\/div>\n<p>[\/vc_column_text]<div class=\"gem-button-container gem-button-position-center thegem-button-6a03da0ac87755788    \"  ><a title=\"Nossas Unidades\" class=\"gem-button gem-button-size-small gem-button-style-outline gem-button-text-weight-thin gem-button-border-2 gem-button-icon-position-right\" data-ll-effect=\"drop-right-without-wrap\" style=\"border-radius: 3px;\" onmouseleave=\"\" onmouseenter=\"\" href=\"\/beta\/index.php\/nossas-unidades\/\" target=\"_self\">Veja nossas lojas<i class=\"gem-print-icon gem-icon-pack-elegant \">&#x3d;<\/i><\/a><\/div> [\/vc_column][vc_column width=&#8221;1\/2&#8243; offset=&#8221;vc_col-lg-3 vc_col-md-6&#8243;]<div class=\"clearboth\"><\/div><style>#thegem-divider-6a03da0ac87b9 {margin-top: 50px !important;}<\/style><div id=\"thegem-divider-6a03da0ac87b9\" class=\"gem-divider  \" style=\"\" ><\/div><div class=\"centered-box\"><div class=\"gem-icon gem-icon-pack-elegant gem-icon-size-small  gem-icon-shape-square gem-simple-icon\"  style=\"opacity: 1;\"><div class=\"gem-icon-inner\" style=\"\"><span class=\"gem-icon-half-1\" style=\"color: #2cc9d9;\"><span class=\"back-angle\">&#xe00b;<\/span><\/span><span class=\"gem-icon-half-2\" style=\"color: #2cc9d9;\"><span class=\"back-angle\">&#xe00b;<\/span><\/span><\/div><\/div><\/div><div class=\"clearboth\"><\/div><style>#thegem-divider-6a03da0ac87ee {margin-top: 55px !important;}<\/style><div id=\"thegem-divider-6a03da0ac87ee\" class=\"gem-divider  \" style=\"\" ><\/div>[vc_column_text]<\/p>\n<div class=\"title-h4\" style=\"text-align: center;\"><span class=\"light\">TElefones<\/span><\/div>\n<p>[\/vc_column_text][vc_column_text]<\/p>\n<div style=\"text-align: center;\">\n<p>Telefone: <a href=\"tel:62 98599 4643\" target=\"_blank\" rel=\"noopener noreferrer\">62 98599 4643<\/a><br \/>\nWhatsapp: <a href=\"https:\/\/wa.me\/5562985994643\" target=\"_blank\" rel=\"noopener noreferrer\">62 98599 4643<\/a><\/div>\n<p>[\/vc_column_text]<div class=\"clearboth\"><\/div><style>#thegem-divider-6a03da0ac8801 {margin-top: 40px !important;}<\/style><div id=\"thegem-divider-6a03da0ac8801\" class=\"gem-divider  \" style=\"\" ><\/div>[\/vc_column][vc_column width=&#8221;1\/2&#8243; offset=&#8221;vc_col-lg-3 vc_col-md-6&#8243;]<div class=\"clearboth\"><\/div><style>#thegem-divider-6a03da0ac8810 {margin-top: 50px !important;}<\/style><div id=\"thegem-divider-6a03da0ac8810\" class=\"gem-divider  \" style=\"\" ><\/div><div class=\"centered-box\"><div class=\"gem-icon gem-icon-pack-elegant gem-icon-size-small  gem-icon-shape-square gem-simple-icon\"  style=\"opacity: 1;\"><div class=\"gem-icon-inner\" style=\"\"><span class=\"gem-icon-half-1\" style=\"color: #9790d3;\"><span class=\"back-angle\">&#x7d;<\/span><\/span><span class=\"gem-icon-half-2\" style=\"color: #9790d3;\"><span class=\"back-angle\">&#x7d;<\/span><\/span><\/div><\/div><\/div><div class=\"clearboth\"><\/div><style>#thegem-divider-6a03da0ac8835 {margin-top: 55px !important;}<\/style><div id=\"thegem-divider-6a03da0ac8835\" class=\"gem-divider  \" style=\"\" ><\/div>[vc_column_text]<\/p>\n<div class=\"title-h4\" style=\"text-align: center;\"><span class=\"light\">hor\u00e1rio de atendimento<br \/>\n<\/span><\/div>\n<p>[\/vc_column_text]<div class=\"clearboth\"><\/div><style>#thegem-divider-6a03da0ac8844 {margin-top: 20px !important;}<\/style><div id=\"thegem-divider-6a03da0ac8844\" class=\"gem-divider  \" style=\"\" ><\/div>[vc_column_text]<\/p>\n<div style=\"text-align: center;\">Segunda-Sexta: 7:00 \u2013 18:00<br \/>\nS\u00e1bado: 7:00 \u2013 13:00<\/div>\n<p>[\/vc_column_text]<div class=\"clearboth\"><\/div><style>#thegem-divider-6a03da0ac8852 {margin-top: 40px !important;}<\/style><div id=\"thegem-divider-6a03da0ac8852\" class=\"gem-divider  \" style=\"\" ><\/div>[\/vc_column][vc_column width=&#8221;1\/2&#8243; offset=&#8221;vc_col-lg-3&#8243;]<div class=\"clearboth\"><\/div><style>#thegem-divider-6a03da0ac885f {margin-top: 50px !important;}<\/style><div id=\"thegem-divider-6a03da0ac885f\" class=\"gem-divider  \" style=\"\" ><\/div><div class=\"centered-box\"><div class=\"gem-icon gem-icon-pack-elegant gem-icon-size-small  gem-icon-shape-square gem-simple-icon\"  style=\"opacity: 1;\"><div class=\"gem-icon-inner\" style=\"\"><span class=\"gem-icon-half-1\" style=\"color: #85ace1;\"><span class=\"back-angle\">&#xe010;<\/span><\/span><span class=\"gem-icon-half-2\" style=\"color: #85ace1;\"><span class=\"back-angle\">&#xe010;<\/span><\/span><\/div><\/div><\/div><div class=\"clearboth\"><\/div><style>#thegem-divider-6a03da0ac8880 {margin-top: 55px !important;}<\/style><div id=\"thegem-divider-6a03da0ac8880\" class=\"gem-divider  \" style=\"\" ><\/div>[vc_column_text]<\/p>\n<div class=\"title-h4\" style=\"text-align: center;\"><span class=\"light\">e-mail<br \/>\n<\/span><\/div>\n<p>[\/vc_column_text]<div class=\"clearboth\"><\/div><style>#thegem-divider-6a03da0ac888e {margin-top: 20px !important;}<\/style><div id=\"thegem-divider-6a03da0ac888e\" class=\"gem-divider  \" style=\"\" ><\/div>[vc_column_text]<\/p>\n<div style=\"text-align: center;\"><span style=\"color: #02bcd5;\">casadastintas@casadastintasans.com.br<\/span><\/div>\n<p>[\/vc_column_text]<div class=\"clearboth\"><\/div><style>#thegem-divider-6a03da0ac889b {margin-top: 50px !important;}<\/style><div id=\"thegem-divider-6a03da0ac889b\" class=\"gem-divider  \" style=\"\" ><\/div>[\/vc_column][vc_column offset=&#8221;vc_hidden-sm&#8221;]<div class=\"clearboth\"><\/div><style>#thegem-divider-6a03da0ac88a7 {margin-top: 100px !important;}<\/style><div id=\"thegem-divider-6a03da0ac88a7\" class=\"gem-divider  \" style=\"\" ><\/div>[vc_column_text]<\/p>\n<div class=\"title-h2\" style=\"text-align: center;\">siga e compartilhe<\/div>\n<p>[\/vc_column_text]<div class=\"socials socials-list socials-colored socials-default socials-alignment-center\"><a class=\"socials-item\" target=\"_blank\" href=\"https:\/\/www.facebook.com\/cdastintas.ti\"><i class=\"socials-item-icon facebook\" style=\"font-size: 50px\"><\/i><\/a><a class=\"socials-item\" target=\"_blank\" href=\"https:\/\/www.instagram.com\/casadastintasdeanapolis\/\"><i class=\"socials-item-icon instagram\" style=\"font-size: 50px\"><\/i><\/a><\/div>[\/vc_column][\/vc_row][vc_row css=&#8221;.vc_custom_1547195516720{margin-bottom: 0px !important;}&#8221;][vc_column]<div class=\"clearboth\"><\/div><style>#thegem-divider-6a03da0ac88f8 {margin-top: 120px !important;}<\/style><div id=\"thegem-divider-6a03da0ac88f8\" class=\"gem-divider  \" style=\"\" ><\/div>[vc_column_text css=&#8221;.vc_custom_1612557973709{margin-bottom: 5px !important;}&#8221;]<\/p>\n<div class=\"title-h2\" style=\"text-align: center;\">ENVIE UM EMAIL PARA N\u00d3S<\/div>\n<p>[\/vc_column_text][vc_column_text]<\/p>\n<div class=\"styled-subtitle\" style=\"text-align: center;\">Nossa equipe de atendimento entrar\u00e1 em contato o mais r\u00e1pido poss\u00edvel!<\/div>\n<p>[\/vc_column_text]<div class=\"clearboth\"><\/div><style>#thegem-divider-6a03da0ac8908 {margin-top: 60px !important;}<\/style><div id=\"thegem-divider-6a03da0ac8908\" class=\"gem-divider  \" style=\"\" ><\/div>\n<div class=\"wpcf7 no-js\" id=\"wpcf7-f26461-o1\" lang=\"en-US\" dir=\"ltr\" data-wpcf7-id=\"26461\">\n<div class=\"screen-reader-response\"><p role=\"status\" aria-live=\"polite\" aria-atomic=\"true\"><\/p> <ul><\/ul><\/div>\n<form action=\"\/index.php\/wp-json\/wp\/v2\/pages\/26453#wpcf7-f26461-o1\" method=\"post\" class=\"wpcf7-form init gem-contact-form-white\" aria-label=\"Contact form\" novalidate=\"novalidate\" data-status=\"init\">\n<fieldset class=\"hidden-fields-container\"><input type=\"hidden\" name=\"_wpcf7\" value=\"26461\" \/><input type=\"hidden\" name=\"_wpcf7_version\" value=\"6.1.5\" \/><input type=\"hidden\" name=\"_wpcf7_locale\" value=\"en_US\" \/><input type=\"hidden\" name=\"_wpcf7_unit_tag\" value=\"wpcf7-f26461-o1\" \/><input type=\"hidden\" name=\"_wpcf7_container_post\" value=\"0\" \/><input type=\"hidden\" name=\"_wpcf7_posted_data_hash\" value=\"\" \/>\n<\/fieldset>\n<div class=\"row\">\n\n\t<div class=\"form-line col-lg-4 col-md-4 col-xs-12\"><div class=\"gem-form-icon-name\"><span class=\"wpcf7-form-control-wrap\" data-name=\"your-name\"><input size=\"40\" maxlength=\"400\" class=\"wpcf7-form-control wpcf7-text wpcf7-validates-as-required\" aria-required=\"true\" aria-invalid=\"false\" placeholder=\"Nome*\" value=\"\" type=\"text\" name=\"your-name\" \/><\/span><\/div><\/div>\n\n\t<div class=\"form-line col-lg-4 col-md-4 col-xs-12\"><div class=\"gem-form-icon-email\"><span class=\"wpcf7-form-control-wrap\" data-name=\"your-email\"><input size=\"40\" maxlength=\"400\" class=\"wpcf7-form-control wpcf7-email wpcf7-validates-as-required wpcf7-text wpcf7-validates-as-email\" aria-required=\"true\" aria-invalid=\"false\" placeholder=\"Email*\" value=\"\" type=\"email\" name=\"your-email\" \/><\/span><\/div><\/div>\n\n\t<div class=\"form-line col-lg-4 col-md-4 col-xs-12\"><div class=\"gem-form-icon-phone\"><span class=\"wpcf7-form-control-wrap\" data-name=\"telefone\"><input size=\"40\" maxlength=\"400\" class=\"wpcf7-form-control wpcf7-tel wpcf7-text wpcf7-validates-as-tel\" aria-invalid=\"false\" placeholder=\"Telefone*\" value=\"\" type=\"tel\" name=\"telefone\" \/><\/span><\/div><\/div>\n\n\t<div class=\"form-line col-lg-12 col-md-12 col-xs-12\"><span class=\"wpcf7-form-control-wrap\" data-name=\"your-message\"><textarea cols=\"40\" rows=\"10\" maxlength=\"2000\" class=\"wpcf7-form-control wpcf7-textarea wpcf7-validates-as-required\" aria-required=\"true\" aria-invalid=\"false\" placeholder=\"Sua Mensagem\" name=\"your-message\"><\/textarea><\/span><\/div>\n\n\t<div class=\"col-lg-12 col-md-12 col-xs-12\"><style type=\"text\/css\">.thegem-button-6a03da0aca192971 .gem-button svg {fill: #fff;}.thegem-button-6a03da0aca192971 .gem-button:hover svg {fill: #fff;}<\/style><div class=\"gem-button-container gem-button-position-center thegem-button-6a03da0aca192971\"  ><input class=\"gem-button gem-button-size-medium gem-button-style-flat gem-button-text-weight-normal wpcf7-form-control wpcf7-submit has-spinner gem-button-wpcf-custom\" data-ll-effect=\"drop-right-without-wrap\" style=\"border-radius: 3px;background-color: #92c020;color: #fff;\" onmouseleave=\"this.style.backgroundColor='#92c020';this.style.color='#fff';\" onmouseenter=\"this.style.backgroundColor='#3c3950';this.style.color='#fff';\" id=\"\" tabindex=\"\" type=\"submit\" value=\"Enviar MENSAGEM\" \/><\/div> <\/div>\n\n<\/div><div class=\"wpcf7-response-output\" aria-hidden=\"true\"><\/div>\n<\/form>\n<\/div>\n<div class=\"clearboth\"><\/div><style>#thegem-divider-6a03da0acac60 {margin-top: 120px !important;}<\/style><div id=\"thegem-divider-6a03da0acac60\" class=\"gem-divider  \" style=\"\" ><\/div>[\/vc_column][\/vc_row]<\/p>\n<\/section>","protected":false},"excerpt":{"rendered":"<p>[vc_row css=&#8221;.vc_custom_1547203421643{margin-bottom: 0px !important;}&#8221;][vc_column offset=&#8221;vc_hidden-sm vc_hidden-xs&#8221;][vc_column_text] Contato [\/vc_column_text][\/vc_column][vc_column width=&#8221;1\/2&#8243; offset=&#8221;vc_col-lg-3 vc_col-md-6&#8243;][vc_column_text] nossas lojas [\/vc_column_text][vc_column_text] Temos 6 Unidades para melhor servir!&#8230;<\/p>\n","protected":false},"author":1,"featured_media":0,"parent":0,"menu_order":0,"comment_status":"closed","ping_status":"closed","template":"","meta":{"footnotes":""},"class_list":["post-26453","page","type-page","status-publish"],"aioseo_notices":[],"_links":{"self":[{"href":"https:\/\/casadastintasans.com.br\/index.php\/wp-json\/wp\/v2\/pages\/26453","targetHints":{"allow":["GET"]}}],"collection":[{"href":"https:\/\/casadastintasans.com.br\/index.php\/wp-json\/wp\/v2\/pages"}],"about":[{"href":"https:\/\/casadastintasans.com.br\/index.php\/wp-json\/wp\/v2\/types\/page"}],"author":[{"embeddable":true,"href":"https:\/\/casadastintasans.com.br\/index.php\/wp-json\/wp\/v2\/users\/1"}],"replies":[{"embeddable":true,"href":"https:\/\/casadastintasans.com.br\/index.php\/wp-json\/wp\/v2\/comments?post=26453"}],"version-history":[{"count":8,"href":"https:\/\/casadastintasans.com.br\/index.php\/wp-json\/wp\/v2\/pages\/26453\/revisions"}],"predecessor-version":[{"id":26741,"href":"https:\/\/casadastintasans.com.br\/index.php\/wp-json\/wp\/v2\/pages\/26453\/revisions\/26741"}],"wp:attachment":[{"href":"https:\/\/casadastintasans.com.br\/index.php\/wp-json\/wp\/v2\/media?parent=26453"}],"curies":[{"name":"wp","href":"https:\/\/api.w.org\/{rel}","templated":true}]}}